{"id":113,"date":"2024-06-11T11:38:18","date_gmt":"2024-06-11T11:38:18","guid":{"rendered":"https:\/\/themes.templatescoder.com\/sastra-addon\/demo-07\/?page_id=113"},"modified":"2026-03-27T06:09:29","modified_gmt":"2026-03-27T06:09:29","slug":"palettes-en-bois","status":"publish","type":"page","link":"https:\/\/kit-pack.tn\/en\/palettes-en-bois\/","title":{"rendered":"Wooden Pallets"},"content":{"rendered":"<div data-elementor-type=\"wp-page\" data-elementor-id=\"113\" class=\"elementor elementor-113\">\n\t\t\t\t\t\t<section class=\"elementor-section elementor-top-section elementor-element elementor-element-eed587e elementor-section-content-middle elementor-section-height-min-height Home elementor-section-boxed elementor-section-height-default elementor-section-items-middle wpr-particle-no wpr-sticky-section-no tmpcoder-particle-no\" data-id=\"eed587e\" data-element_type=\"section\" data-e-type=\"section\" data-settings=\"{&quot;background_background&quot;:&quot;classic&quot;}\">\n\t\t\t\t\t\t\t<div class=\"elementor-background-overlay\"><\/div>\n\t\t\t\t\t\t\t<div class=\"elementor-container elementor-column-gap-default\">\n\t\t\t\t\t<div class=\"elementor-column elementor-col-100 elementor-top-column elementor-element elementor-element-8caec17 elementor-invisible\" data-id=\"8caec17\" data-element_type=\"column\" data-e-type=\"column\" data-settings=\"{&quot;animation&quot;:&quot;fadeInLeft&quot;}\">\n\t\t\t<div class=\"elementor-widget-wrap elementor-element-populated\">\n\t\t\t\t\t\t<div class=\"elementor-element elementor-element-4807712 elementor-widget elementor-widget-heading\" data-id=\"4807712\" data-element_type=\"widget\" data-e-type=\"widget\" data-widget_type=\"heading.default\">\n\t\t\t\t<div class=\"elementor-widget-container\">\n\t\t\t\t\t<span class=\"elementor-heading-title elementor-size-default\">kit pack tunisia<\/span>\t\t\t\t<\/div>\n\t\t\t\t<\/div>\n\t\t\t\t<div class=\"elementor-element elementor-element-c7a44ae elementor-widget elementor-widget-heading\" data-id=\"c7a44ae\" data-element_type=\"widget\" data-e-type=\"widget\" data-widget_type=\"heading.default\">\n\t\t\t\t<div class=\"elementor-widget-container\">\n\t\t\t\t\t<h1 class=\"elementor-heading-title elementor-size-default\">Custom Wooden Pallets<\/h1>\t\t\t\t<\/div>\n\t\t\t\t<\/div>\n\t\t\t\t<div class=\"elementor-element elementor-element-d7a2957 elementor-widget elementor-widget-text-editor\" data-id=\"d7a2957\" data-element_type=\"widget\" data-e-type=\"widget\" data-widget_type=\"text-editor.default\">\n\t\t\t\t<div class=\"elementor-widget-container\">\n\t\t\t\t\t\t\t\t\t<p>Our pallets are designed to meet everyday logistics needs:<\/p><p>transportation, storage, and handling of goods in various industrial sectors.<\/p>\t\t\t\t\t\t\t\t<\/div>\n\t\t\t\t<\/div>\n\t\t\t\t\t<\/div>\n\t\t<\/div>\n\t\t\t\t\t<\/div>\n\t\t<\/section>\n\t\t<div class=\"elementor-element elementor-element-fb41520 Palettes e-flex e-con-boxed wpr-particle-no wpr-sticky-section-no tmpcoder-particle-no e-con e-parent\" data-id=\"fb41520\" data-element_type=\"container\" data-e-type=\"container\" data-settings=\"{&quot;background_background&quot;:&quot;classic&quot;}\">\n\t\t\t\t\t<div class=\"e-con-inner\">\n\t\t<div class=\"elementor-element elementor-element-c378a06 e-flex e-con-boxed wpr-particle-no wpr-sticky-section-no tmpcoder-jarallax-no tmpcoder-parallax-no tmpcoder-particle-no elementor-invisible e-con e-child\" data-id=\"c378a06\" data-element_type=\"container\" data-e-type=\"container\" data-settings=\"{&quot;animation&quot;:&quot;slideInLeft&quot;}\">\n\t\t\t\t\t<div class=\"e-con-inner\">\n\t\t\t\t<div class=\"elementor-element elementor-element-a479c15 elementor-widget elementor-widget-image\" data-id=\"a479c15\" data-element_type=\"widget\" data-e-type=\"widget\" data-widget_type=\"image.default\">\n\t\t\t\t<div class=\"elementor-widget-container\">\n\t\t\t\t\t\t\t\t\t\t\t\t\t\t\t<img fetchpriority=\"high\" decoding=\"async\" width=\"640\" height=\"480\" src=\"https:\/\/kit-pack.tn\/wp-content\/uploads\/2025\/10\/paall-1024x768.webp\" class=\"attachment-large size-large wp-image-785\" alt=\"\" srcset=\"https:\/\/kit-pack.tn\/wp-content\/uploads\/2025\/10\/paall-1024x768.webp 1024w, https:\/\/kit-pack.tn\/wp-content\/uploads\/2025\/10\/paall-300x225.webp 300w, https:\/\/kit-pack.tn\/wp-content\/uploads\/2025\/10\/paall-768x576.webp 768w, https:\/\/kit-pack.tn\/wp-content\/uploads\/2025\/10\/paall-1536x1152.webp 1536w, https:\/\/kit-pack.tn\/wp-content\/uploads\/2025\/10\/paall-16x12.webp 16w, https:\/\/kit-pack.tn\/wp-content\/uploads\/2025\/10\/paall.webp 1600w\" sizes=\"(max-width: 640px) 100vw, 640px\" \/>\t\t\t\t\t\t\t\t\t\t\t\t\t\t\t<\/div>\n\t\t\t\t<\/div>\n\t\t\t\t\t<\/div>\n\t\t\t\t<\/div>\n\t\t<div class=\"elementor-element elementor-element-d612aa1 e-con-full e-flex wpr-particle-no wpr-sticky-section-no tmpcoder-jarallax-no tmpcoder-parallax-no tmpcoder-particle-no elementor-invisible e-con e-child\" data-id=\"d612aa1\" data-element_type=\"container\" data-e-type=\"container\" data-settings=\"{&quot;animation&quot;:&quot;slideInLeft&quot;,&quot;animation_delay&quot;:200}\">\n\t\t<div class=\"elementor-element elementor-element-a6221ad e-con-full e-flex wpr-particle-no wpr-sticky-section-no tmpcoder-jarallax-no tmpcoder-parallax-no tmpcoder-particle-no elementor-invisible e-con e-child\" data-id=\"a6221ad\" data-element_type=\"container\" data-e-type=\"container\" data-settings=\"{&quot;animation&quot;:&quot;slideInLeft&quot;,&quot;animation_delay&quot;:200}\">\n\t\t\t\t<div class=\"elementor-element elementor-element-256e49d elementor-widget elementor-widget-heading\" data-id=\"256e49d\" data-element_type=\"widget\" data-e-type=\"widget\" data-widget_type=\"heading.default\">\n\t\t\t\t<div class=\"elementor-widget-container\">\n\t\t\t\t\t<h2 class=\"elementor-heading-title elementor-size-default\">Lightweight Wooden Boards 5 or 7 Boards<\/h2>\t\t\t\t<\/div>\n\t\t\t\t<\/div>\n\t\t\t\t<div class=\"elementor-element elementor-element-7e3b49f elementor-widget elementor-widget-text-editor\" data-id=\"7e3b49f\" data-element_type=\"widget\" data-e-type=\"widget\" data-widget_type=\"text-editor.default\">\n\t\t\t\t<div class=\"elementor-widget-container\">\n\t\t\t\t\t\t\t\t\t<p>Designed to meet a variety of logistical needs, our locally sourced wooden pallets are manufactured with care and precision to ensure strength and functionality.<br \/>Ideal for transporting, storing, and handling goods, these pallets are suitable for many industries thanks to their sturdiness and practicality.<\/p>\t\t\t\t\t\t\t\t<\/div>\n\t\t\t\t<\/div>\n\t\t\t\t<div class=\"elementor-element elementor-element-a093579 wpr-feature-list-left wpr-feature-list-square elementor-widget elementor-widget-wpr-feature-list\" data-id=\"a093579\" data-element_type=\"widget\" data-e-type=\"widget\" data-widget_type=\"wpr-feature-list.default\">\n\t\t\t\t<div class=\"elementor-widget-container\">\n\t\t\t\t\t<div class=\"wpr-feature-list-wrap\"><ul class=\"wpr-feature-list\"><li class=\"wpr-feature-list-item elementor-repeater-item-de85061\"><div class=\"wpr-feature-list-icon-wrap\"><span class=\"wpr-feature-list-line\"><\/span><div class=\"wpr-feature-list-icon-inner-wrap\"><svg aria-hidden=\"true\" class=\"e-font-icon-svg e-fas-check-circle\" viewbox=\"0 0 512 512\" xmlns=\"http:\/\/www.w3.org\/2000\/svg\"><path d=\"M504 256c0 136.967-111.033 248-248 248S8 392.967 8 256 119.033 8 256 8s248 111.033 248 248zM227.314 387.314l184-184c6.248-6.248 6.248-16.379 0-22.627l-22.627-22.627c-6.248-6.249-16.379-6.249-22.628 0L216 308.118l-70.059-70.059c-6.248-6.248-16.379-6.248-22.628 0l-22.627 22.627c-6.248 6.248-6.248 16.379 0 22.627l104 104c6.249 6.249 16.379 6.249 22.628.001z\"><\/path><\/svg><\/div><\/div><div class=\"wpr-feature-list-content-wrap\"><h2 class=\"wpr-feature-list-title\"><a class=\"wpr-feature-list-url\" target=\"_blank\" rel=\"nofollow\">Dimensions : 1200 x 800 mm | 1200 x 1000 mm | 1000 x 1000 mm<\/a><\/h2><p class=\"wpr-feature-list-description\"><\/p><\/div><\/li><\/ul><\/div>\t\t\t\t<\/div>\n\t\t\t\t<\/div>\n\t\t\t\t<div class=\"elementor-element elementor-element-9dca951 wpr-feature-list-left wpr-feature-list-square elementor-widget elementor-widget-wpr-feature-list\" data-id=\"9dca951\" data-element_type=\"widget\" data-e-type=\"widget\" data-widget_type=\"wpr-feature-list.default\">\n\t\t\t\t<div class=\"elementor-widget-container\">\n\t\t\t\t\t<div class=\"wpr-feature-list-wrap\"><ul class=\"wpr-feature-list\"><li class=\"wpr-feature-list-item elementor-repeater-item-f6e3624\"><div class=\"wpr-feature-list-icon-wrap\"><span class=\"wpr-feature-list-line\"><\/span><div class=\"wpr-feature-list-icon-inner-wrap\"><svg aria-hidden=\"true\" class=\"e-font-icon-svg e-fas-check-circle\" viewbox=\"0 0 512 512\" xmlns=\"http:\/\/www.w3.org\/2000\/svg\"><path d=\"M504 256c0 136.967-111.033 248-248 248S8 392.967 8 256 119.033 8 256 8s248 111.033 248 248zM227.314 387.314l184-184c6.248-6.248 6.248-16.379 0-22.627l-22.627-22.627c-6.248-6.249-16.379-6.249-22.628 0L216 308.118l-70.059-70.059c-6.248-6.248-16.379-6.248-22.628 0l-22.627 22.627c-6.248 6.248-6.248 16.379 0 22.627l104 104c6.249 6.249 16.379 6.249 22.628.001z\"><\/path><\/svg><\/div><\/div><div class=\"wpr-feature-list-content-wrap\"><h2 class=\"wpr-feature-list-title\"><a class=\"wpr-feature-list-url\" target=\"_blank\" rel=\"nofollow\">Average weight : approximately 30 kg<\/a><\/h2><p class=\"wpr-feature-list-description\"><\/p><\/div><\/li><\/ul><\/div>\t\t\t\t<\/div>\n\t\t\t\t<\/div>\n\t\t\t\t<div class=\"elementor-element elementor-element-72bb70a wpr-feature-list-left wpr-feature-list-square elementor-widget elementor-widget-wpr-feature-list\" data-id=\"72bb70a\" data-element_type=\"widget\" data-e-type=\"widget\" data-widget_type=\"wpr-feature-list.default\">\n\t\t\t\t<div class=\"elementor-widget-container\">\n\t\t\t\t\t<div class=\"wpr-feature-list-wrap\"><ul class=\"wpr-feature-list\"><li class=\"wpr-feature-list-item elementor-repeater-item-22171bd\"><div class=\"wpr-feature-list-icon-wrap\"><span class=\"wpr-feature-list-line\"><\/span><div class=\"wpr-feature-list-icon-inner-wrap\"><svg aria-hidden=\"true\" class=\"e-font-icon-svg e-fas-check-circle\" viewbox=\"0 0 512 512\" xmlns=\"http:\/\/www.w3.org\/2000\/svg\"><path d=\"M504 256c0 136.967-111.033 248-248 248S8 392.967 8 256 119.033 8 256 8s248 111.033 248 248zM227.314 387.314l184-184c6.248-6.248 6.248-16.379 0-22.627l-22.627-22.627c-6.248-6.249-16.379-6.249-22.628 0L216 308.118l-70.059-70.059c-6.248-6.248-16.379-6.248-22.628 0l-22.627 22.627c-6.248 6.248-6.248 16.379 0 22.627l104 104c6.249 6.249 16.379 6.249 22.628.001z\"><\/path><\/svg><\/div><\/div><div class=\"wpr-feature-list-content-wrap\"><h2 class=\"wpr-feature-list-title\"><a class=\"wpr-feature-list-url\" target=\"_blank\" rel=\"nofollow\">Dynamic load capacity: between 600 and 1000 kg<\/a><\/h2><p class=\"wpr-feature-list-description\">\n<\/p><\/div><\/li><\/ul><\/div>\t\t\t\t<\/div>\n\t\t\t\t<\/div>\n\t\t\t\t<\/div>\n\t\t\t\t<\/div>\n\t\t\t\t\t<\/div>\n\t\t\t\t<\/div>\n\t\t\t\t<section class=\"elementor-section elementor-top-section elementor-element elementor-element-b4fdfc3 elementor-section-content-middle elementor-section-boxed elementor-section-height-default elementor-section-height-default wpr-particle-no wpr-sticky-section-no tmpcoder-particle-no\" data-id=\"b4fdfc3\" data-element_type=\"section\" data-e-type=\"section\" data-settings=\"{&quot;background_background&quot;:&quot;classic&quot;}\">\n\t\t\t\t\t\t<div class=\"elementor-container elementor-column-gap-default\">\n\t\t\t\t\t<div class=\"elementor-column elementor-col-100 elementor-top-column elementor-element elementor-element-a5fb40f\" data-id=\"a5fb40f\" data-element_type=\"column\" data-e-type=\"column\" data-settings=\"{&quot;animation&quot;:&quot;none&quot;}\">\n\t\t\t<div class=\"elementor-widget-wrap elementor-element-populated\">\n\t\t\t\t\t\t<section class=\"elementor-section elementor-inner-section elementor-element elementor-element-11d87d1 elementor-section-boxed elementor-section-height-default elementor-section-height-default wpr-particle-no wpr-sticky-section-no tmpcoder-jarallax-no tmpcoder-parallax-no tmpcoder-particle-no\" data-id=\"11d87d1\" data-element_type=\"section\" data-e-type=\"section\">\n\t\t\t\t\t\t<div class=\"elementor-container elementor-column-gap-default\">\n\t\t\t\t\t<div class=\"elementor-column elementor-col-33 elementor-inner-column elementor-element elementor-element-079b68f elementor-invisible\" data-id=\"079b68f\" data-element_type=\"column\" data-e-type=\"column\" data-settings=\"{&quot;animation&quot;:&quot;fadeInUp&quot;}\">\n\t\t\t<div class=\"elementor-widget-wrap elementor-element-populated\">\n\t\t\t\t\t\t<div class=\"elementor-element elementor-element-227a836 elementor-position-top elementor-widget elementor-widget-image-box\" data-id=\"227a836\" data-element_type=\"widget\" data-e-type=\"widget\" data-widget_type=\"image-box.default\">\n\t\t\t\t<div class=\"elementor-widget-container\">\n\t\t\t\t\t<div class=\"elementor-image-box-wrapper\"><figure class=\"elementor-image-box-img\"><img decoding=\"async\" width=\"767\" height=\"511\" src=\"https:\/\/kit-pack.tn\/wp-content\/uploads\/2026\/03\/Palettes.webp\" class=\"attachment-full size-full wp-image-1034\" alt=\"\" srcset=\"https:\/\/kit-pack.tn\/wp-content\/uploads\/2026\/03\/Palettes.webp 767w, https:\/\/kit-pack.tn\/wp-content\/uploads\/2026\/03\/Palettes-300x200.webp 300w, https:\/\/kit-pack.tn\/wp-content\/uploads\/2026\/03\/Palettes-18x12.webp 18w\" sizes=\"(max-width: 767px) 100vw, 767px\" \/><\/figure><div class=\"elementor-image-box-content\"><h3 class=\"elementor-image-box-title translation-block\">SPECIALIZED WOODEN PALLETS<br> AND CUSTOM-MADE PALLETS<\/h3><p class=\"elementor-image-box-description\">Whether you're a business or an individual, wooden pallets are an essential tool for storing, handling, and moving heavy, bulky, or otherwise difficult-to-transport items. <br><br>\n\nA true logistical asset, it helps you organize your space and streamline the management of your inventory.\nEvery step is carefully managed.<\/p><\/div><\/div>\t\t\t\t<\/div>\n\t\t\t\t<\/div>\n\t\t\t\t\t<\/div>\n\t\t<\/div>\n\t\t\t\t<div class=\"elementor-column elementor-col-33 elementor-inner-column elementor-element elementor-element-b4d9875 elementor-hidden-mobile elementor-invisible\" data-id=\"b4d9875\" data-element_type=\"column\" data-e-type=\"column\" data-settings=\"{&quot;animation&quot;:&quot;fadeInUp&quot;}\">\n\t\t\t<div class=\"elementor-widget-wrap\">\n\t\t\t\t\t\t\t<\/div>\n\t\t<\/div>\n\t\t\t\t<div class=\"elementor-column elementor-col-33 elementor-inner-column elementor-element elementor-element-cd0905d elementor-invisible\" data-id=\"cd0905d\" data-element_type=\"column\" data-e-type=\"column\" data-settings=\"{&quot;animation&quot;:&quot;fadeInUp&quot;}\">\n\t\t\t<div class=\"elementor-widget-wrap elementor-element-populated\">\n\t\t\t\t\t\t<div class=\"elementor-element elementor-element-218f419 elementor-position-top elementor-widget elementor-widget-image-box\" data-id=\"218f419\" data-element_type=\"widget\" data-e-type=\"widget\" data-widget_type=\"image-box.default\">\n\t\t\t\t<div class=\"elementor-widget-container\">\n\t\t\t\t\t<div class=\"elementor-image-box-wrapper\"><figure class=\"elementor-image-box-img\"><img decoding=\"async\" width=\"767\" height=\"511\" src=\"https:\/\/kit-pack.tn\/wp-content\/uploads\/2026\/03\/Palettesvc.webp\" class=\"attachment-full size-full wp-image-1035\" alt=\"\" srcset=\"https:\/\/kit-pack.tn\/wp-content\/uploads\/2026\/03\/Palettesvc.webp 767w, https:\/\/kit-pack.tn\/wp-content\/uploads\/2026\/03\/Palettesvc-300x200.webp 300w, https:\/\/kit-pack.tn\/wp-content\/uploads\/2026\/03\/Palettesvc-18x12.webp 18w\" sizes=\"(max-width: 767px) 100vw, 767px\" \/><\/figure><div class=\"elementor-image-box-content\"><h3 class=\"elementor-image-box-title translation-block\">Repair of UsedWooden  <br>Pallets<\/h3><p class=\"elementor-image-box-description\">To ensure we provide you with a comprehensive and responsible service, we handle the repair of used pallets as well as their recycling when they can no longer be restored. <br><br>\n\nThis approach is part of a circular economy strategy aimed at extending the lifespan of materials while reducing their environmental impact.\n\n<\/p><\/div><\/div>\t\t\t\t<\/div>\n\t\t\t\t<\/div>\n\t\t\t\t\t<\/div>\n\t\t<\/div>\n\t\t\t\t\t<\/div>\n\t\t<\/section>\n\t\t\t\t\t<\/div>\n\t\t<\/div>\n\t\t\t\t\t<\/div>\n\t\t<\/section>\n\t\t\t\t<\/div>","protected":false},"excerpt":{"rendered":"<p>kit pack tunisie Palettes En Bois Sur Mesure Nos palettes sont con\u00e7ues pour r\u00e9pondre aux besoins logistiques quotidiens : transport, stockage et manutention de marchandises dans divers secteurs industriels. Plaettes En Bois L\u00e9geres 5 ou 7 Planches Con\u00e7ues pour r\u00e9pondre \u00e0 des besoins logistiques vari\u00e9s, nos palettes en bois local sont fabriqu\u00e9es avec attention et pr\u00e9cision pour garantir solidit\u00e9 et fonctionnalit\u00e9.Id\u00e9ales pour le transport, le stockage et la manutention de marchandises, ces palettes s\u2019adaptent \u00e0 de nombreux secteurs d\u2019activit\u00e9 gr\u00e2ce \u00e0 leur robustesse et leur praticit\u00e9. Dimensions : 1200 x 800 mm | 1200 x 1000 mm | 1000 x 1000 mm Poids Moyen : Environ 30 kg Charge dynamique support\u00e9e : entre 600 et 1000 kg PALETTES EN BOIS SP\u00c9CIFIQUES ET SUR MESURE Que vous soyez professionnel ou particulier, la palette en bois constitue un \u00e9l\u00e9ment indispensable pour le stockage, la manutention et le d\u00e9placement de produits lourds, volumineux ou difficiles \u00e0 transporter autrement. V\u00e9ritable support logistique, elle facilite l\u2019organisation de vos espaces et optimise la gestion de vos marchandises. Toutes les \u00e9tapes sont soigneusement ma\u00eetris\u00e9es. R\u00e9paration des Palettes en bois d\u2019occasion Pour vous garantir un service complet et responsable, nous prenons en charge la r\u00e9paration des palettes usag\u00e9es ainsi que leur recyclage lorsqu\u2019elles ne peuvent plus \u00eatre remises en \u00e9tat. Cette d\u00e9marche s\u2019inscrit dans une logique d\u2019\u00e9conomie circulaire, visant \u00e0 prolonger la dur\u00e9e de vie des mat\u00e9riaux tout en r\u00e9duisant l\u2019impact environnemental.<\/p>","protected":false},"author":1,"featured_media":0,"parent":0,"menu_order":0,"comment_status":"closed","ping_status":"closed","template":"elementor_header_footer","meta":{"footnotes":""},"class_list":["post-113","page","type-page","status-publish","hentry"],"_links":{"self":[{"href":"https:\/\/kit-pack.tn\/en\/wp-json\/wp\/v2\/pages\/113","targetHints":{"allow":["GET"]}}],"collection":[{"href":"https:\/\/kit-pack.tn\/en\/wp-json\/wp\/v2\/pages"}],"about":[{"href":"https:\/\/kit-pack.tn\/en\/wp-json\/wp\/v2\/types\/page"}],"author":[{"embeddable":true,"href":"https:\/\/kit-pack.tn\/en\/wp-json\/wp\/v2\/users\/1"}],"replies":[{"embeddable":true,"href":"https:\/\/kit-pack.tn\/en\/wp-json\/wp\/v2\/comments?post=113"}],"version-history":[{"count":14,"href":"https:\/\/kit-pack.tn\/en\/wp-json\/wp\/v2\/pages\/113\/revisions"}],"predecessor-version":[{"id":1072,"href":"https:\/\/kit-pack.tn\/en\/wp-json\/wp\/v2\/pages\/113\/revisions\/1072"}],"wp:attachment":[{"href":"https:\/\/kit-pack.tn\/en\/wp-json\/wp\/v2\/media?parent=113"}],"curies":[{"name":"wp","href":"https:\/\/api.w.org\/{rel}","templated":true}]}}