{"id":138,"date":"2024-06-13T08:08:39","date_gmt":"2024-06-13T08:08:39","guid":{"rendered":"https:\/\/themes.templatescoder.com\/sastra-addon\/demo-07\/?page_id=138"},"modified":"2026-03-27T06:22:28","modified_gmt":"2026-03-27T06:22:28","slug":"caisses-en-bois","status":"publish","type":"page","link":"https:\/\/kit-pack.tn\/en\/caisses-en-bois\/","title":{"rendered":"Wooden Crates"},"content":{"rendered":"<div data-elementor-type=\"wp-page\" data-elementor-id=\"138\" class=\"elementor elementor-138\">\n\t\t\t\t\t\t<section class=\"elementor-section elementor-top-section elementor-element elementor-element-49d79f1 elementor-section-content-middle elementor-section-height-min-height Home elementor-section-boxed elementor-section-height-default elementor-section-items-middle wpr-particle-no wpr-sticky-section-no tmpcoder-particle-no\" data-id=\"49d79f1\" data-element_type=\"section\" data-e-type=\"section\" data-settings=\"{&quot;background_background&quot;:&quot;classic&quot;}\">\n\t\t\t\t\t\t\t<div class=\"elementor-background-overlay\"><\/div>\n\t\t\t\t\t\t\t<div class=\"elementor-container elementor-column-gap-default\">\n\t\t\t\t\t<div class=\"elementor-column elementor-col-100 elementor-top-column elementor-element elementor-element-2110169 elementor-invisible\" data-id=\"2110169\" data-element_type=\"column\" data-e-type=\"column\" data-settings=\"{&quot;animation&quot;:&quot;fadeInLeft&quot;}\">\n\t\t\t<div class=\"elementor-widget-wrap elementor-element-populated\">\n\t\t\t\t\t\t<div class=\"elementor-element elementor-element-e070d9f elementor-widget elementor-widget-heading\" data-id=\"e070d9f\" data-element_type=\"widget\" data-e-type=\"widget\" data-widget_type=\"heading.default\">\n\t\t\t\t<div class=\"elementor-widget-container\">\n\t\t\t\t\t<span class=\"elementor-heading-title elementor-size-default\">kit pack tunisia<\/span>\t\t\t\t<\/div>\n\t\t\t\t<\/div>\n\t\t\t\t<div class=\"elementor-element elementor-element-81fe4f7 elementor-widget elementor-widget-heading\" data-id=\"81fe4f7\" data-element_type=\"widget\" data-e-type=\"widget\" data-widget_type=\"heading.default\">\n\t\t\t\t<div class=\"elementor-widget-container\">\n\t\t\t\t\t<h1 class=\"elementor-heading-title elementor-size-default\">Custom Wooden Crates<\/h1>\t\t\t\t<\/div>\n\t\t\t\t<\/div>\n\t\t\t\t<div class=\"elementor-element elementor-element-d035d39 elementor-widget elementor-widget-text-editor\" data-id=\"d035d39\" data-element_type=\"widget\" data-e-type=\"widget\" data-widget_type=\"text-editor.default\">\n\t\t\t\t<div class=\"elementor-widget-container\">\n\t\t\t\t\t\t\t\t\t<p><span class=\"qwen-markdown-text\" data-spm-anchor-id=\"a2ty_o01.29997173.0.i39.22355171mJmIaE\">We're here to help you design wooden crates <\/span><\/p><p><span class=\"qwen-markdown-text\" data-spm-anchor-id=\"a2ty_o01.29997173.0.i39.22355171mJmIaE\">tailored to your specific needs<\/span><\/p>\t\t\t\t\t\t\t\t<\/div>\n\t\t\t\t<\/div>\n\t\t\t\t\t<\/div>\n\t\t<\/div>\n\t\t\t\t\t<\/div>\n\t\t<\/section>\n\t\t<div class=\"elementor-element elementor-element-077f3b0 Caisses e-flex e-con-boxed wpr-particle-no wpr-sticky-section-no tmpcoder-jarallax-no tmpcoder-parallax-no tmpcoder-particle-no e-con e-parent\" data-id=\"077f3b0\" data-element_type=\"container\" data-e-type=\"container\" data-settings=\"{&quot;background_background&quot;:&quot;classic&quot;}\">\n\t\t\t\t\t<div class=\"e-con-inner\">\n\t\t<div class=\"elementor-element elementor-element-5e96c77 e-flex e-con-boxed wpr-particle-no wpr-sticky-section-no tmpcoder-jarallax-no tmpcoder-parallax-no tmpcoder-particle-no elementor-invisible e-con e-child\" data-id=\"5e96c77\" data-element_type=\"container\" data-e-type=\"container\" data-settings=\"{&quot;animation&quot;:&quot;slideInLeft&quot;,&quot;animation_delay&quot;:200}\">\n\t\t\t\t\t<div class=\"e-con-inner\">\n\t\t\t\t<div class=\"elementor-element elementor-element-07ff1ea elementor-widget elementor-widget-heading\" data-id=\"07ff1ea\" data-element_type=\"widget\" data-e-type=\"widget\" data-widget_type=\"heading.default\">\n\t\t\t\t<div class=\"elementor-widget-container\">\n\t\t\t\t\t<h2 class=\"elementor-heading-title elementor-size-default\">WOODEN CRATES Standard &amp; Custom-made<\/h2>\t\t\t\t<\/div>\n\t\t\t\t<\/div>\n\t\t\t\t<div class=\"elementor-element elementor-element-23eee2e elementor-widget elementor-widget-text-editor\" data-id=\"23eee2e\" data-element_type=\"widget\" data-e-type=\"widget\" data-widget_type=\"text-editor.default\">\n\t\t\t\t<div class=\"elementor-widget-container\">\n\t\t\t\t\t\t\t\t\t<p>Local wooden crates for industrial and transport use are robust and durable solutions for protecting and transporting heavy, bulky products.<\/p><p>At Kit Pack, we offer a wide range of high-quality wooden crates, suitable for different types of products and industries.<\/p>\t\t\t\t\t\t\t\t<\/div>\n\t\t\t\t<\/div>\n\t\t\t\t<div class=\"elementor-element elementor-element-44b42d1 wpr-feature-list-left wpr-feature-list-square elementor-widget elementor-widget-wpr-feature-list\" data-id=\"44b42d1\" data-element_type=\"widget\" data-e-type=\"widget\" data-widget_type=\"wpr-feature-list.default\">\n\t\t\t\t<div class=\"elementor-widget-container\">\n\t\t\t\t\t<div class=\"wpr-feature-list-wrap\"><ul class=\"wpr-feature-list\"><li class=\"wpr-feature-list-item elementor-repeater-item-de85061\"><div class=\"wpr-feature-list-icon-wrap\"><span class=\"wpr-feature-list-line\"><\/span><div class=\"wpr-feature-list-icon-inner-wrap\"><svg aria-hidden=\"true\" class=\"e-font-icon-svg e-fas-check-circle\" viewbox=\"0 0 512 512\" xmlns=\"http:\/\/www.w3.org\/2000\/svg\"><path d=\"M504 256c0 136.967-111.033 248-248 248S8 392.967 8 256 119.033 8 256 8s248 111.033 248 248zM227.314 387.314l184-184c6.248-6.248 6.248-16.379 0-22.627l-22.627-22.627c-6.248-6.249-16.379-6.249-22.628 0L216 308.118l-70.059-70.059c-6.248-6.248-16.379-6.248-22.628 0l-22.627 22.627c-6.248 6.248-6.248 16.379 0 22.627l104 104c6.249 6.249 16.379 6.249 22.628.001z\"><\/path><\/svg><\/div><\/div><div class=\"wpr-feature-list-content-wrap\"><h2 class=\"wpr-feature-list-title\"><a class=\"wpr-feature-list-url\" target=\"_blank\" rel=\"nofollow\">Wooden crate for heavy products of all sizes<\/a><\/h2><p class=\"wpr-feature-list-description\"><\/p><\/div><\/li><\/ul><\/div>\t\t\t\t<\/div>\n\t\t\t\t<\/div>\n\t\t\t\t<div class=\"elementor-element elementor-element-b1c646a wpr-feature-list-left wpr-feature-list-square elementor-widget elementor-widget-wpr-feature-list\" data-id=\"b1c646a\" data-element_type=\"widget\" data-e-type=\"widget\" data-widget_type=\"wpr-feature-list.default\">\n\t\t\t\t<div class=\"elementor-widget-container\">\n\t\t\t\t\t<div class=\"wpr-feature-list-wrap\"><ul class=\"wpr-feature-list\"><li class=\"wpr-feature-list-item elementor-repeater-item-f6e3624\"><div class=\"wpr-feature-list-icon-wrap\"><span class=\"wpr-feature-list-line\"><\/span><div class=\"wpr-feature-list-icon-inner-wrap\"><svg aria-hidden=\"true\" class=\"e-font-icon-svg e-fas-check-circle\" viewbox=\"0 0 512 512\" xmlns=\"http:\/\/www.w3.org\/2000\/svg\"><path d=\"M504 256c0 136.967-111.033 248-248 248S8 392.967 8 256 119.033 8 256 8s248 111.033 248 248zM227.314 387.314l184-184c6.248-6.248 6.248-16.379 0-22.627l-22.627-22.627c-6.248-6.249-16.379-6.249-22.628 0L216 308.118l-70.059-70.059c-6.248-6.248-16.379-6.248-22.628 0l-22.627 22.627c-6.248 6.248-6.248 16.379 0 22.627l104 104c6.249 6.249 16.379 6.249 22.628.001z\"><\/path><\/svg><\/div><\/div><div class=\"wpr-feature-list-content-wrap\"><h2 class=\"wpr-feature-list-title\"><a class=\"wpr-feature-list-url\" target=\"_blank\" rel=\"nofollow\">Wooden crate for light products of all sizes<\/a><\/h2><p class=\"wpr-feature-list-description\"><\/p><\/div><\/li><\/ul><\/div>\t\t\t\t<\/div>\n\t\t\t\t<\/div>\n\t\t\t\t<div class=\"elementor-element elementor-element-957c879 wpr-feature-list-left wpr-feature-list-square elementor-widget elementor-widget-wpr-feature-list\" data-id=\"957c879\" data-element_type=\"widget\" data-e-type=\"widget\" data-widget_type=\"wpr-feature-list.default\">\n\t\t\t\t<div class=\"elementor-widget-container\">\n\t\t\t\t\t<div class=\"wpr-feature-list-wrap\"><ul class=\"wpr-feature-list\"><li class=\"wpr-feature-list-item elementor-repeater-item-f6e3624\"><div class=\"wpr-feature-list-icon-wrap\"><span class=\"wpr-feature-list-line\"><\/span><div class=\"wpr-feature-list-icon-inner-wrap\"><svg aria-hidden=\"true\" class=\"e-font-icon-svg e-fas-check-circle\" viewbox=\"0 0 512 512\" xmlns=\"http:\/\/www.w3.org\/2000\/svg\"><path d=\"M504 256c0 136.967-111.033 248-248 248S8 392.967 8 256 119.033 8 256 8s248 111.033 248 248zM227.314 387.314l184-184c6.248-6.248 6.248-16.379 0-22.627l-22.627-22.627c-6.248-6.249-16.379-6.249-22.628 0L216 308.118l-70.059-70.059c-6.248-6.248-16.379-6.248-22.628 0l-22.627 22.627c-6.248 6.248-6.248 16.379 0 22.627l104 104c6.249 6.249 16.379 6.249 22.628.001z\"><\/path><\/svg><\/div><\/div><div class=\"wpr-feature-list-content-wrap\"><h2 class=\"wpr-feature-list-title\"><a class=\"wpr-feature-list-url\" target=\"_blank\" rel=\"nofollow\">Special wooden or plywood box<\/a><\/h2><p class=\"wpr-feature-list-description\"><\/p><\/div><\/li><\/ul><\/div>\t\t\t\t<\/div>\n\t\t\t\t<\/div>\n\t\t\t\t<div class=\"elementor-element elementor-element-0f98ab2 wpr-feature-list-left wpr-feature-list-square elementor-widget elementor-widget-wpr-feature-list\" data-id=\"0f98ab2\" data-element_type=\"widget\" data-e-type=\"widget\" data-widget_type=\"wpr-feature-list.default\">\n\t\t\t\t<div class=\"elementor-widget-container\">\n\t\t\t\t\t<div class=\"wpr-feature-list-wrap\"><ul class=\"wpr-feature-list\"><li class=\"wpr-feature-list-item elementor-repeater-item-f6e3624\"><div class=\"wpr-feature-list-icon-wrap\"><span class=\"wpr-feature-list-line\"><\/span><div class=\"wpr-feature-list-icon-inner-wrap\"><svg aria-hidden=\"true\" class=\"e-font-icon-svg e-fas-check-circle\" viewbox=\"0 0 512 512\" xmlns=\"http:\/\/www.w3.org\/2000\/svg\"><path d=\"M504 256c0 136.967-111.033 248-248 248S8 392.967 8 256 119.033 8 256 8s248 111.033 248 248zM227.314 387.314l184-184c6.248-6.248 6.248-16.379 0-22.627l-22.627-22.627c-6.248-6.249-16.379-6.249-22.628 0L216 308.118l-70.059-70.059c-6.248-6.248-16.379-6.248-22.628 0l-22.627 22.627c-6.248 6.248-6.248 16.379 0 22.627l104 104c6.249 6.249 16.379 6.249 22.628.001z\"><\/path><\/svg><\/div><\/div><div class=\"wpr-feature-list-content-wrap\"><h2 class=\"wpr-feature-list-title\"><a class=\"wpr-feature-list-url\" target=\"_blank\" rel=\"nofollow\">Wooden box with foldable side boards<\/a><\/h2><p class=\"wpr-feature-list-description\"><\/p><\/div><\/li><\/ul><\/div>\t\t\t\t<\/div>\n\t\t\t\t<\/div>\n\t\t\t\t\t<\/div>\n\t\t\t\t<\/div>\n\t\t<div class=\"elementor-element elementor-element-912491d e-con-full e-flex wpr-particle-no wpr-sticky-section-no tmpcoder-jarallax-no tmpcoder-parallax-no tmpcoder-particle-no elementor-invisible e-con e-child\" data-id=\"912491d\" data-element_type=\"container\" data-e-type=\"container\" data-settings=\"{&quot;animation&quot;:&quot;slideInRight&quot;,&quot;animation_delay&quot;:300}\">\n\t\t\t\t<div class=\"elementor-element elementor-element-5368549 elementor-widget elementor-widget-image\" data-id=\"5368549\" data-element_type=\"widget\" data-e-type=\"widget\" data-widget_type=\"image.default\">\n\t\t\t\t<div class=\"elementor-widget-container\">\n\t\t\t\t\t\t\t\t\t\t\t\t\t\t\t<img fetchpriority=\"high\" decoding=\"async\" width=\"640\" height=\"511\" src=\"https:\/\/kit-pack.tn\/wp-content\/uploads\/2026\/03\/caisses-1.webp\" class=\"attachment-large size-large wp-image-1075\" alt=\"\" srcset=\"https:\/\/kit-pack.tn\/wp-content\/uploads\/2026\/03\/caisses-1.webp 900w, https:\/\/kit-pack.tn\/wp-content\/uploads\/2026\/03\/caisses-1-300x240.webp 300w, https:\/\/kit-pack.tn\/wp-content\/uploads\/2026\/03\/caisses-1-768x614.webp 768w, https:\/\/kit-pack.tn\/wp-content\/uploads\/2026\/03\/caisses-1-15x12.webp 15w\" sizes=\"(max-width: 640px) 100vw, 640px\" \/>\t\t\t\t\t\t\t\t\t\t\t\t\t\t\t<\/div>\n\t\t\t\t<\/div>\n\t\t\t\t<\/div>\n\t\t\t\t\t<\/div>\n\t\t\t\t<\/div>\n\t\t<div class=\"elementor-element elementor-element-d5121c1 Caisses e-flex e-con-boxed wpr-particle-no wpr-sticky-section-no tmpcoder-jarallax-no tmpcoder-parallax-no tmpcoder-particle-no e-con e-parent\" data-id=\"d5121c1\" data-element_type=\"container\" data-e-type=\"container\" data-settings=\"{&quot;background_background&quot;:&quot;classic&quot;}\">\n\t\t\t\t\t<div class=\"e-con-inner\">\n\t\t<div class=\"elementor-element elementor-element-a0fdfdb e-con-full e-flex wpr-particle-no wpr-sticky-section-no tmpcoder-jarallax-no tmpcoder-parallax-no tmpcoder-particle-no elementor-invisible e-con e-child\" data-id=\"a0fdfdb\" data-element_type=\"container\" data-e-type=\"container\" data-settings=\"{&quot;animation&quot;:&quot;slideInRight&quot;,&quot;animation_delay&quot;:300}\">\n\t\t\t\t<div class=\"elementor-element elementor-element-fdf1c33 elementor-widget elementor-widget-image\" data-id=\"fdf1c33\" data-element_type=\"widget\" data-e-type=\"widget\" data-widget_type=\"image.default\">\n\t\t\t\t<div class=\"elementor-widget-container\">\n\t\t\t\t\t\t\t\t\t\t\t\t\t\t\t<img decoding=\"async\" width=\"640\" height=\"511\" src=\"https:\/\/kit-pack.tn\/wp-content\/uploads\/2026\/03\/About-Image-copie.webp\" class=\"attachment-large size-large wp-image-1080\" alt=\"\" srcset=\"https:\/\/kit-pack.tn\/wp-content\/uploads\/2026\/03\/About-Image-copie.webp 900w, https:\/\/kit-pack.tn\/wp-content\/uploads\/2026\/03\/About-Image-copie-300x240.webp 300w, https:\/\/kit-pack.tn\/wp-content\/uploads\/2026\/03\/About-Image-copie-768x614.webp 768w, https:\/\/kit-pack.tn\/wp-content\/uploads\/2026\/03\/About-Image-copie-15x12.webp 15w\" sizes=\"(max-width: 640px) 100vw, 640px\" \/>\t\t\t\t\t\t\t\t\t\t\t\t\t\t\t<\/div>\n\t\t\t\t<\/div>\n\t\t\t\t<\/div>\n\t\t<div class=\"elementor-element elementor-element-3d1f3b7 e-con-full e-flex wpr-particle-no wpr-sticky-section-no tmpcoder-jarallax-no tmpcoder-parallax-no tmpcoder-particle-no elementor-invisible e-con e-child\" data-id=\"3d1f3b7\" data-element_type=\"container\" data-e-type=\"container\" data-settings=\"{&quot;animation&quot;:&quot;slideInLeft&quot;,&quot;animation_delay&quot;:200}\">\n\t\t\t\t<div class=\"elementor-element elementor-element-f165e71 elementor-widget elementor-widget-heading\" data-id=\"f165e71\" data-element_type=\"widget\" data-e-type=\"widget\" data-widget_type=\"heading.default\">\n\t\t\t\t<div class=\"elementor-widget-container\">\n\t\t\t\t\t<h2 class=\"elementor-heading-title elementor-size-default\"> Why choose a wooden crate?<\/h2>\t\t\t\t<\/div>\n\t\t\t\t<\/div>\n\t\t\t\t<div class=\"elementor-element elementor-element-6518a96 elementor-widget elementor-widget-text-editor\" data-id=\"6518a96\" data-element_type=\"widget\" data-e-type=\"widget\" data-widget_type=\"text-editor.default\">\n\t\t\t\t<div class=\"elementor-widget-container\">\n\t\t\t\t\t\t\t\t\t<p>Sturdy and reliable, wooden crates are an ideal solution for transporting both small goods and particularly bulky items.<\/p><p>They can easily accommodate items such as motorcycles, spare parts (engines, mechanical components, etc.), or fragile goods that require extra protection.<\/p><p>In addition to our standard product line, we also offer custom-made crates designed to precisely meet the dimensions and technical requirements of your products.<\/p><p>This customization ensures that the packaging fits perfectly and makes handling easier.<\/p>\t\t\t\t\t\t\t\t<\/div>\n\t\t\t\t<\/div>\n\t\t\t\t<\/div>\n\t\t\t\t\t<\/div>\n\t\t\t\t<\/div>\n\t\t\t\t<\/div>","protected":false},"excerpt":{"rendered":"<p>kit pack tunisie Caisses En Bois Sur Mesure Nous sommes \u00e0 votre \u00e9coute pour concevoir des caisses en bois adapt\u00e9es \u00e0 vos besoins sp\u00e9cifiques CAISSES EN BOIS Standards &amp; sur mesure Les caisses en bois local pour usage industriel et de transport sont des solutions robustes et durables pour prot\u00e9ger et transporter de lourds produits volumineux. Chez Kit Pack, nous proposons une large gamme de caisses en bois de haute qualit\u00e9, adapt\u00e9es \u00e0 diff\u00e9rents types de produits et d\u2019industries. Caisse en bois pour produits lourds de toutes dimensions Caisse en bois pour produits l\u00e9gers de toutes dimensions Caisse en bois sp\u00e9ciale en bois ou en contreplaqu\u00e9 Caisse en bois avec planches de c\u00f4t\u00e9 pliables Pourquoi choisir une caisse en bois ? Robustes et fiables, les caisses en bois constituent une solution id\u00e9ale pour d\u00e9placer aussi bien de petites marchandises que des objets particuli\u00e8rement volumineux. Elles peuvent accueillir sans difficult\u00e9 un v\u00e9hicule tel qu\u2019une moto, des pi\u00e8ces d\u00e9tach\u00e9es (moteur, composants m\u00e9caniques, etc.) ou encore des biens fragiles n\u00e9cessitant une s\u00e9curit\u00e9 renforc\u00e9e. En compl\u00e9ment de notre gamme standard, nous proposons \u00e9galement la fabrication de caisses sur mesure, con\u00e7ues pour r\u00e9pondre pr\u00e9cis\u00e9ment aux dimensions et aux exigences techniques de vos produits. Cette personnalisation vous assure un conditionnement parfaitement ajust\u00e9 et une manutention facilit\u00e9e.<\/p>","protected":false},"author":1,"featured_media":0,"parent":0,"menu_order":0,"comment_status":"closed","ping_status":"closed","template":"elementor_header_footer","meta":{"footnotes":""},"class_list":["post-138","page","type-page","status-publish","hentry"],"_links":{"self":[{"href":"https:\/\/kit-pack.tn\/en\/wp-json\/wp\/v2\/pages\/138","targetHints":{"allow":["GET"]}}],"collection":[{"href":"https:\/\/kit-pack.tn\/en\/wp-json\/wp\/v2\/pages"}],"about":[{"href":"https:\/\/kit-pack.tn\/en\/wp-json\/wp\/v2\/types\/page"}],"author":[{"embeddable":true,"href":"https:\/\/kit-pack.tn\/en\/wp-json\/wp\/v2\/users\/1"}],"replies":[{"embeddable":true,"href":"https:\/\/kit-pack.tn\/en\/wp-json\/wp\/v2\/comments?post=138"}],"version-history":[{"count":14,"href":"https:\/\/kit-pack.tn\/en\/wp-json\/wp\/v2\/pages\/138\/revisions"}],"predecessor-version":[{"id":1083,"href":"https:\/\/kit-pack.tn\/en\/wp-json\/wp\/v2\/pages\/138\/revisions\/1083"}],"wp:attachment":[{"href":"https:\/\/kit-pack.tn\/en\/wp-json\/wp\/v2\/media?parent=138"}],"curies":[{"name":"wp","href":"https:\/\/api.w.org\/{rel}","templated":true}]}}